{"id":7,"date":"2022-02-28T21:33:52","date_gmt":"2022-02-28T21:33:52","guid":{"rendered":"https:\/\/www.karuke.com\/?page_id=7"},"modified":"2022-03-01T21:54:32","modified_gmt":"2022-03-01T21:54:32","slug":"tutvustus","status":"publish","type":"page","link":"https:\/\/www.karuke.com\/?page_id=7","title":{"rendered":"ETTEV\u00d5TTEST"},"content":{"rendered":"\n<p class=\"has-drop-cap has-text-align-left has-vivid-cyan-blue-color has-text-color has-medium-font-size\">Karuke O\u00dc\u009a on loodud 1993.a. Ettev\u00f5te\u00a0 on tegelenud selle aja jooksul erinevate valdkondadega.\u00a0 Praeguseks hetkeks on j\u00e4\u00e4nud ettev\u00f5tte p\u00f5hitegevuseks ehitusmaterjalide hulgi- ja projektim\u00fc\u00fck.<br><br>Projektim\u00fc\u00fcgijuht on professionaalne teenindaja, kes aitab Teil leida sobiliku toote ning vajadusel ka ehitaja.\u00a0 Projektim\u00fc\u00fcgi eelis v\u00f5rreldes tavakauplustega on:<br>1. Soodne hind,<br>2. Kiired tarned,<br>3. Komplekteeritud kaubad otse objektidele.<\/p>\n","protected":false},"excerpt":{"rendered":"<p>Karuke O\u00dc\u009a on loodud 1993.a. Ettev\u00f5te\u00a0 on tegelenud selle aja jooksul erinevate valdkondadega.\u00a0 Praeguseks hetkeks on j\u00e4\u00e4nud ettev\u00f5tte p\u00f5hitegevuseks ehitusmaterjalide hulgi- ja projektim\u00fc\u00fck. Projektim\u00fc\u00fcgijuht on professionaalne teenindaja, kes aitab Teil leida sobiliku toote ning vajadusel ka ehitaja.\u00a0 Projektim\u00fc\u00fcgi eelis v\u00f5rreldes tavakauplustega on:1. Soodne hind,2. Kiired tarned,3. Komplekteeritud kaubad otse objektidele.<\/p>\n","protected":false},"author":1,"featured_media":0,"parent":0,"menu_order":0,"comment_status":"closed","ping_status":"closed","template":"","meta":{"footnotes":""},"class_list":["post-7","page","type-page","status-publish","hentry"],"_links":{"self":[{"href":"https:\/\/www.karuke.com\/index.php?rest_route=\/wp\/v2\/pages\/7","targetHints":{"allow":["GET"]}}],"collection":[{"href":"https:\/\/www.karuke.com\/index.php?rest_route=\/wp\/v2\/pages"}],"about":[{"href":"https:\/\/www.karuke.com\/index.php?rest_route=\/wp\/v2\/types\/page"}],"author":[{"embeddable":true,"href":"https:\/\/www.karuke.com\/index.php?rest_route=\/wp\/v2\/users\/1"}],"replies":[{"embeddable":true,"href":"https:\/\/www.karuke.com\/index.php?rest_route=%2Fwp%2Fv2%2Fcomments&post=7"}],"version-history":[{"count":2,"href":"https:\/\/www.karuke.com\/index.php?rest_route=\/wp\/v2\/pages\/7\/revisions"}],"predecessor-version":[{"id":196,"href":"https:\/\/www.karuke.com\/index.php?rest_route=\/wp\/v2\/pages\/7\/revisions\/196"}],"wp:attachment":[{"href":"https:\/\/www.karuke.com\/index.php?rest_route=%2Fwp%2Fv2%2Fmedia&parent=7"}],"curies":[{"name":"wp","href":"https:\/\/api.w.org\/{rel}","templated":true}]}}