{"id":6,"date":"2022-02-28T21:33:52","date_gmt":"2022-02-28T21:33:52","guid":{"rendered":"https:\/\/www.karuke.com\/?page_id=6"},"modified":"2024-05-31T18:32:28","modified_gmt":"2024-05-31T18:32:28","slug":"home","status":"publish","type":"page","link":"https:\/\/www.karuke.com\/","title":{"rendered":"Kiire, soodne ja usaldusv\u00e4\u00e4rne partner!"},"content":{"rendered":"<div id=\"myCarousel\" class=\"carousel slide\" data-ride=\"carousel\">\n<div class=\"carousel-inner\">\n<div class=\"carousel-item active\"><img decoding=\"async\" src=\"https:\/\/www.karuke.com\/wp-content\/uploads\/2022\/02\/Katus-4-1024x469.jpg\" alt=\"This image has an empty alt attribute; its file name is Katus-4-1024x469.jpg\" \/>\n<div class=\"container\">\n<div class=\"carousel-caption\">\n<div class=\"carousel-text\">\n<h1 class=\"animated\">\u00a0\u00a0\u00a0\u00a0\u00a0\u00a0\u00a0\u00a0\u00a0\u00a0\u00a0\u00a0\u00a0 Ehita ja remondi.\u00a0\u00a0\u00a0\u00a0 <br \/>K\u00f5ik vajalik vundamendist katuseni!<\/h1>\n<ul class=\"list-unstyled carousel-list\">\n<li class=\"animated\">Komplekteeritud kaubad otse objektidele.<\/li>\n<\/ul>\n<p><a class=\"enigma_blog_read_btn animated bounceInUp\" role=\"button\" href=\"https:\/\/www.karuke.com\/?page_id=8\">SAADA P\u00c4RING<\/a><\/p>\n<\/div>\n<\/div>\n<\/div>\n<\/div>\n<div class=\"carousel-item\"><img decoding=\"async\" src=\"https:\/\/www.karuke.com\/wp-content\/uploads\/2022\/02\/Kalle-1024x486.jpg\" alt=\"This image has an empty alt attribute; its file name is Kalle-1024x486.jpg\" \/>\n<div class=\"container\">\n<div class=\"carousel-caption\">\n<div class=\"carousel-text\">\n<h1 class=\"animated\">Eterniit, kivi ja plekk-katused!<\/h1>\n<ul class=\"list-unstyled carousel-list\">\n<li class=\"animated\">Puit- ja plaatfassaadid<\/li>\n<\/ul>\n<p><a class=\"enigma_blog_read_btn animated bounceInUp\" role=\"button\" href=\"https:\/\/www.karuke.com\/?page_id=8\">SAADA P\u00c4RING<\/a><\/p>\n<\/div>\n<\/div>\n<\/div>\n<\/div>\n<\/div>\n<ol class=\"carousel-indicators\">\n<li data-target=\"#myCarousel\" data-slide-to=\"0\">\u00a0<\/li>\n<li data-target=\"#myCarousel\" data-slide-to=\"1\">\u00a0<\/li>\n<\/ol>\n<\/div>\n<h3><!-- \/Service section --><\/h3>\n<div class=\"enigma_service\">\n<div class=\"container\">\n<div id=\"isotope-service-container\" class=\"row isotope\">\n<div class=\" col-md-4 service\">\n<div class=\"enigma_service_area appear-animation bounceIn appear-animation-visible\">\n<div class=\"enigma_service_detail media-body\">\n<h3 class=\"head\"><span style=\"color: #2782cc;\">MUGAV<\/span><\/h3>\n<p><img loading=\"lazy\" decoding=\"async\" class=\"\" src=\"https:\/\/www.karuke.com\/wp-content\/uploads\/2022\/02\/Auto.png\" alt=\"This image has an empty alt attribute; its file name is Auto.png\" width=\"155\" height=\"155\" \/><\/p>\n<p><strong><br \/>Komplekteeritud kaubad tarnitakse otse objektidele.<\/strong><\/p>\n<\/div>\n<\/div>\n<\/div>\n<div class=\" col-md-4 service\">\n<div class=\"enigma_service_area appear-animation bounceIn appear-animation-visible\">\n<div class=\"enigma_service_detail media-body\">\n<h3 class=\"head\"><span style=\"color: #2782cc;\"> SOODNE<\/span><\/h3>\n<p><span style=\"color: #4a9acf;\"><img loading=\"lazy\" decoding=\"async\" class=\"\" src=\"https:\/\/www.karuke.com\/wp-content\/uploads\/2022\/02\/imageedit_1_8337688423.png\" alt=\"This image has an empty alt attribute; its file name is imageedit_1_8337688423.png\" width=\"155\" height=\"155\" \/><\/span><\/p>\n<p><strong><br \/>Projekti-m\u00fc\u00fcgijuht pakub sulle alati hea hinna.<\/strong><\/p>\n<\/div>\n<\/div>\n<\/div>\n<div class=\" col-md-4 service\">\n<div class=\"enigma_service_area appear-animation bounceIn appear-animation-visible\">\n<h4 class=\"head\"><span style=\"color: #2782cc;\">KIIRE<\/span><\/h4>\n<p><img loading=\"lazy\" decoding=\"async\" class=\"\" src=\"https:\/\/www.karuke.com\/wp-content\/uploads\/2022\/02\/Kiire.png\" width=\"144\" height=\"144\" \/><\/p>\n<p>&nbsp;<\/p>\n<p><strong>Kliendi kirjadele vastatakse v\u00e4hemalt 48 tunni jooksul.<\/strong><\/p>\n<\/div>\n<\/div>\n<\/div>\n<p><!-- \/Service section --><br \/><!-- portfolio section --><\/p>\n<div class=\"enigma_project_section\">\n<div class=\"container\">\n<div class=\"row\">\n<div class=\"col-sm-12\">\n<div class=\"enigma_heading_title\">\n<h3><span style=\"color: #eb1e92;\">KOOST\u00d6\u00d6PARTNERID<\/span><\/h3>\n<\/div>\n<\/div>\n<\/div>\n<\/div>\n\n\n\n\n\n\n<div class=\"container\">\n<div class=\"row\">\n<div id=\"enigma_portfolio_section\" class=\"enima_photo_gallery\">\n<div class=\"col-lg-3 col-md-3 col-sm-6 pull-left scrollimation fade-right d1\">\n<div class=\"img-wrapper\">\n<div class=\"enigma_home_portfolio_showcase\">\n<h4><a href=\"https:\/\/www.karuke.com\/wp-content\/uploads\/2024\/05\/Monier_-juuni-2024.png\" rel=\"noopener\"><img loading=\"lazy\" decoding=\"async\" class=\"alignleft\" src=\"https:\/\/www.karuke.com\/wp-content\/uploads\/2024\/05\/Monier_-juuni-2024.png\" alt=\"This image has an empty alt attribute; its file name is KIVIKATUS-xx.jpg\" width=\"254\" height=\"159\" \/><\/a><\/h4>\n<div class=\"enigma_home_portfolio_showcase_overlay\">\n<div class=\"enigma_home_portfolio_showcase_overlay_inner \">\n<div class=\"enigma_home_portfolio_showcase_icons\"><i class=\"fa fa-link\"><\/i><a class=\"photobox_a\" href=\"https:\/\/www.karuke.com\/wp-content\/uploads\/2024\/05\/Monier_-juuni-2024.png\"><i class=\"fa fa-search-plus\"><\/i><img decoding=\"async\" style=\"display: none !important; visibility: hidden;\" src=\"https:\/\/www.karuke.com\/wp-content\/uploads\/2024\/05\/Monier_-juuni-2024.png\" \/><\/a><\/div>\n\n<\/div>\n<\/div>\n<\/div>\n<div class=\"enigma_home_portfolio_caption\">\n<h6 class=\"port\" style=\"padding-top: 25px;\"><span style=\"color: #0877c7;\">MONIER KIVIKATUSED<\/span><\/h6>\n<\/div>\n<\/div>\n<div class=\"enigma_portfolio_shadow\">\u00a0<\/div>\n<\/div>\n<div class=\"col-lg-3 col-md-3 col-sm-6 pull-left scrollimation fade-right d1\">\n<div class=\"img-wrapper\">\n<div class=\"enigma_home_portfolio_showcase\">\n<h4><a href=\"https:\/\/www.karuke.com\/wp-content\/uploads\/2022\/02\/Kinnitusvahendid-xx.jpg\" rel=\"noopener\"><img loading=\"lazy\" decoding=\"async\" class=\"alignleft\" src=\"https:\/\/www.karuke.com\/wp-content\/uploads\/2024\/05\/UUE-POLVKONNA-VALTSPROFIILID-1.png\" alt=\"This image has an empty alt attribute; its file name is Kinnitusvahendid-xx.jpg\" width=\"254\" height=\"159\" \/><\/a><\/h4>\n<div class=\"enigma_home_portfolio_showcase_overlay\">\n<div class=\"enigma_home_portfolio_showcase_overlay_inner \">\n<div class=\"enigma_home_portfolio_showcase_icons\"><i class=\"fa fa-link\"><\/i><a class=\"photobox_a\" href=\"https:\/\/www.karuke.com\/wp-content\/uploads\/2024\/05\/UUE-POLVKONNA-VALTSPROFIILID-1.png\"><i class=\"fa fa-search-plus\"><\/i><img decoding=\"async\" style=\"display: none !important; visibility: hidden;\" src=\"https:\/\/www.karuke.com\/wp-content\/uploads\/2024\/05\/UUE-POLVKONNA-VALTSPROFIILID-1.png\" \/><\/a><\/div>\n<\/div>\n<\/div>\n<\/div>\n<div class=\"enigma_home_portfolio_caption\">\n<h6 class=\"port\" style=\"padding-top: 25px;\"><span style=\"color: #0877c7;\">WECKMAN KVALITEETSED KATUSED<\/span><\/h6>\n<\/div>\n<\/div>\n<div class=\"enigma_portfolio_shadow\">\u00a0<\/div>\n<\/div>\n<div class=\"col-lg-3 col-md-3 col-sm-6 pull-left scrollimation fade-right d1\">\n<div class=\"img-wrapper\">\n<div class=\"enigma_home_portfolio_showcase\">\n<h4><a href=\"https:\/\/www.karuke.com\/wp-content\/uploads\/2022\/02\/moodulkorsten-rondo-plus.jpg\" rel=\"noopener\"><img loading=\"lazy\" decoding=\"async\" class=\"alignleft\" src=\"https:\/\/www.karuke.com\/wp-content\/uploads\/2022\/02\/moodulkorsten-rondo-plus.jpg\" alt=\"This image has an empty alt attribute; its file name is SCHIEDEL KORSTNAD-xx.jpg\" width=\"256\" height=\"160\" \/><\/a><\/h4>\n<div class=\"enigma_home_portfolio_showcase_overlay\">\n<div class=\"enigma_home_portfolio_showcase_overlay_inner \">\n<div class=\"enigma_home_portfolio_showcase_icons\"><i class=\"fa fa-link\"><\/i><a class=\"photobox_a\" href=\"https:\/\/www.karuke.com\/wp-content\/uploads\/2022\/02\/moodulkorsten-rondo-plus.jpg\"><i class=\"fa fa-search-plus\"><\/i><img decoding=\"async\" style=\"display: none !important; visibility: hidden;\" src=\"https:\/\/www.karuke.com\/wp-content\/uploads\/2022\/02\/moodulkorsten-rondo-plus.jpg\" \/><\/a><\/div>\n<\/div>\n<\/div>\n<\/div>\n<div class=\"enigma_home_portfolio_caption\">\n<h6 class=\"port\" style=\"padding-top: 25px;\"><span style=\"color: #0877c7;\">SCHIEDEL KORSTNAD<\/span><\/h6>\n<\/div>\n<\/div>\n<div class=\"enigma_portfolio_shadow\">\u00a0<\/div>\n<\/div>\n<div class=\"col-lg-3 col-md-3 col-sm-6 pull-left scrollimation fade-right d1\">\n<div class=\"img-wrapper\">\n<div class=\"enigma_home_portfolio_showcase\">\n<h4><a href=\"https:\/\/www.karuke.com\/wp-content\/uploads\/2024\/05\/Bestor-Grupp.png\" rel=\"noopener\"><img loading=\"lazy\" decoding=\"async\" class=\"alignleft\" src=\"https:\/\/www.karuke.com\/wp-content\/uploads\/2024\/05\/Bestor-Grupp.png\" alt=\"This image has an empty alt attribute; its file name is PUIT-xx.jpg\" width=\"259\" height=\"162\" \/><\/a><\/h4>\n<div class=\"enigma_home_portfolio_showcase_overlay\">\n<div class=\"enigma_home_portfolio_showcase_overlay_inner \">\n<div class=\"enigma_home_portfolio_showcase_icons\"><i class=\"fa fa-link\"><\/i><a class=\"photobox_a\" href=\"https:\/\/www.karuke.com\/wp-content\/uploads\/2024\/05\/Bestor-Grupp.png\"><i class=\"fa fa-search-plus\"><\/i><img decoding=\"async\" style=\"display: none !important; visibility: hidden;\" src=\"https:\/\/www.karuke.com\/wp-content\/uploads\/2024\/05\/Bestor-Grupp.png\" \/><\/a><\/div>\n<\/div>\n<\/div>\n<\/div>\n<div class=\"enigma_home_portfolio_caption\">\n<h6 class=\"port\" style=\"padding-top: 25px;\"><span style=\"color: #0877c7;\">BESTOR GRUPP ETERNIITKATUSED<\/span><\/h6>\n<\/div>\n<\/div>\n<div class=\"enigma_portfolio_shadow\">\u00a0<\/div>\n<\/div>\n<\/div>\n<\/div>\n<\/div>\n\n<div class=\"container\">\n<div class=\"row\">\n<div id=\"enigma_portfolio_section\" class=\"enima_photo_gallery\">\n<div class=\"col-lg-3 col-md-3 col-sm-6 pull-left scrollimation fade-right d1\">\n<div class=\"img-wrapper\">\n<div class=\"enigma_home_portfolio_showcase\">\n<h4><a href=\"https:\/\/www.karuke.com\/wp-content\/uploads\/2024\/05\/Dahl-_-3.png\" rel=\"noopener\"><img loading=\"lazy\" decoding=\"async\" class=\"alignleft\" src=\"https:\/\/www.karuke.com\/wp-content\/uploads\/2024\/05\/Dahl-_-3.png\" alt=\"This image has an empty alt attribute; its file name is KIVIKATUS-xx.jpg\" width=\"254\" height=\"159\" \/><\/a><\/h4>\n<div class=\"enigma_home_portfolio_showcase_overlay\">\n<div class=\"enigma_home_portfolio_showcase_overlay_inner \">\n<div class=\"enigma_home_portfolio_showcase_icons\"><i class=\"fa fa-link\"><\/i><a class=\"photobox_a\" href=\"https:\/\/www.karuke.com\/wp-content\/uploads\/2024\/05\/Dahl-_-3.png\"><i class=\"fa fa-search-plus\"><\/i><img decoding=\"async\" style=\"display: none !important; visibility: hidden;\" src=\"https:\/\/www.karuke.com\/wp-content\/uploads\/2024\/05\/Dahl-_-3.png\" \/><\/a><\/div>\n\n<\/div>\n<\/div>\n<\/div>\n<div class=\"enigma_home_portfolio_caption\">\n<h6 class=\"port\" style=\"padding-top: 25px;\"><span style=\"color: #0877c7;\">DAHL K\u00dcTTES\u00dcSTEEMID<\/span><\/h6>\n<\/div>\n<\/div>\n<div class=\"enigma_portfolio_shadow\">\u00a0<\/div>\n<\/div>\n<div class=\"col-lg-3 col-md-3 col-sm-6 pull-left scrollimation fade-right d1\">\n<div class=\"img-wrapper\">\n<div class=\"enigma_home_portfolio_showcase\">\n<h4><a href=\"https:\/\/www.karuke.com\/wp-content\/uploads\/2024\/05\/Puumerkki-.png\" rel=\"noopener\"><img loading=\"lazy\" decoding=\"async\" class=\"alignleft\" src=\"https:\/\/www.karuke.com\/wp-content\/uploads\/2024\/05\/Puumerkki-.png\" alt=\"This image has an empty alt attribute; its file name is Kinnitusvahendid-xx.jpg\" width=\"254\" height=\"159\" \/><\/a><\/h4>\n<div class=\"enigma_home_portfolio_showcase_overlay\">\n<div class=\"enigma_home_portfolio_showcase_overlay_inner \">\n<div class=\"enigma_home_portfolio_showcase_icons\"><i class=\"fa fa-link\"><\/i><a class=\"photobox_a\" href=\"https:\/\/www.karuke.com\/wp-content\/uploads\/2024\/05\/Puumerkki-.png\"><i class=\"fa fa-search-plus\"><\/i><img decoding=\"async\" style=\"display: none !important; visibility: hidden;\" src=\"https:\/\/www.karuke.com\/wp-content\/uploads\/2024\/05\/Puumerkki-.png\" \/><\/a><\/div>\n<\/div>\n<\/div>\n<\/div>\n<div class=\"enigma_home_portfolio_caption\">\n<h6 class=\"port\" style=\"padding-top: 25px;\"><span style=\"color: #0877c7;\">PUUMERKKI<\/span><\/h6>\n<\/div>\n<\/div>\n<div class=\"enigma_portfolio_shadow\">\u00a0<\/div>\n<\/div>\n<div class=\"col-lg-3 col-md-3 col-sm-6 pull-left scrollimation fade-right d1\">\n<div class=\"img-wrapper\">\n<div class=\"enigma_home_portfolio_showcase\">\n<h4><a href=\"https:\/\/www.karuke.com\/wp-content\/uploads\/2024\/05\/Puumarket.png\" rel=\"noopener\"><img loading=\"lazy\" decoding=\"async\" class=\"alignleft\" src=\"https:\/\/www.karuke.com\/wp-content\/uploads\/2024\/05\/Puumarket.png\" alt=\"This image has an empty alt attribute; its file name is SCHIEDEL KORSTNAD-xx.jpg\" width=\"256\" height=\"160\" \/><\/a><\/h4>\n<div class=\"enigma_home_portfolio_showcase_overlay\">\n<div class=\"enigma_home_portfolio_showcase_overlay_inner \">\n<div class=\"enigma_home_portfolio_showcase_icons\"><i class=\"fa fa-link\"><\/i><a class=\"photobox_a\" href=\"https:\/\/www.karuke.com\/wp-content\/uploads\/2024\/05\/Puumarket.png\"><i class=\"fa fa-search-plus\"><\/i><img decoding=\"async\" style=\"display: none !important; visibility: hidden;\" src=\"https:\/\/www.karuke.com\/wp-content\/uploads\/2024\/05\/Puumarket.png\" \/><\/a><\/div>\n<\/div>\n<\/div>\n<\/div>\n<div class=\"enigma_home_portfolio_caption\">\n<h6 class=\"port\" style=\"padding-top: 25px;\"><span style=\"color: #0877c7;\">SAUN &#038; PUIT PUUMARKET<\/span><\/h6>\n<\/div>\n<\/div>\n<div class=\"enigma_portfolio_shadow\">\u00a0<\/div>\n<\/div>\n<div class=\"col-lg-3 col-md-3 col-sm-6 pull-left scrollimation fade-right d1\">\n<div class=\"img-wrapper\">\n<div class=\"enigma_home_portfolio_showcase\">\n<h4><a href=\"https:\/\/www.karuke.com\/wp-content\/uploads\/2024\/05\/Puukeskus-.png\" rel=\"noopener\"><img loading=\"lazy\" decoding=\"async\" class=\"alignleft\" src=\"https:\/\/www.karuke.com\/wp-content\/uploads\/2024\/05\/Puukeskus-.png\" alt=\"This image has an empty alt attribute; its file name is PUIT-xx.jpg\" width=\"259\" height=\"162\" \/><\/a><\/h4>\n<div class=\"enigma_home_portfolio_showcase_overlay\">\n<div class=\"enigma_home_portfolio_showcase_overlay_inner \">\n<div class=\"enigma_home_portfolio_showcase_icons\"><i class=\"fa fa-link\"><\/i><a class=\"photobox_a\" href=\"https:\/\/www.karuke.com\/wp-content\/uploads\/2024\/05\/Puukeskus-.png\"><i class=\"fa fa-search-plus\"><\/i><img decoding=\"async\" style=\"display: none !important; visibility: hidden;\" src=\"https:\/\/www.karuke.com\/wp-content\/uploads\/2024\/05\/Puukeskus-.png\" \/><\/a><\/div>\n<\/div>\n<\/div>\n<\/div>\n<div class=\"enigma_home_portfolio_caption\">\n<h6 class=\"port\" style=\"padding-top: 25px;\"><span style=\"color: #0877c7;\">PUUKESKUS<\/span><\/h6>\n<\/div>\n<\/div>\n<div class=\"enigma_portfolio_shadow\">\u00a0<\/div>\n<\/div>\n<\/div>\n<\/div>\n<\/div>\n\n\n\n\n\n\n\n\n\n\n<\/div>\n<\/div>\n<\/div>\n\n\n<div class=\"wp-block-media-text alignwide is-stacked-on-mobile\"><figure class=\"wp-block-media-text__media\"><\/figure><div class=\"wp-block-media-text__content\">\n<p class=\"has-large-font-size\"><\/p>\n<\/div><\/div>\n\n\n\n<div class=\"wp-block-columns is-layout-flex wp-container-core-columns-is-layout-9d6595d7 wp-block-columns-is-layout-flex\">\n<div class=\"wp-block-column is-layout-flow wp-block-column-is-layout-flow\" style=\"flex-basis:100%\"><\/div>\n<\/div>\n\n\n\n<p><\/p>\n\n\n\n<p><\/p>\n","protected":false},"excerpt":{"rendered":"<p>\u00a0\u00a0\u00a0\u00a0\u00a0\u00a0\u00a0\u00a0\u00a0\u00a0\u00a0\u00a0\u00a0 Ehita ja remondi.\u00a0\u00a0\u00a0\u00a0 K\u00f5ik vajalik vundamendist katuseni! Komplekteeritud kaubad otse objektidele. SAADA P\u00c4RING Eterniit, kivi ja plekk-katused! Puit- ja plaatfassaadid SAADA P\u00c4RING \u00a0 \u00a0 MUGAV Komplekteeritud kaubad tarnitakse otse objektidele. SOODNE Projekti-m\u00fc\u00fcgijuht pakub sulle alati hea hinna. KIIRE &nbsp; Kliendi kirjadele vastatakse v\u00e4hemalt 48 tunni jooksul. KOOST\u00d6\u00d6PARTNERID MONIER KIVIKATUSED \u00a0 WECKMAN KVALITEETSED KATUSED \u00a0&hellip;<\/p>\n","protected":false},"author":1,"featured_media":0,"parent":0,"menu_order":0,"comment_status":"closed","ping_status":"closed","template":"","meta":{"footnotes":""},"class_list":["post-6","page","type-page","status-publish","hentry"],"_links":{"self":[{"href":"https:\/\/www.karuke.com\/index.php?rest_route=\/wp\/v2\/pages\/6","targetHints":{"allow":["GET"]}}],"collection":[{"href":"https:\/\/www.karuke.com\/index.php?rest_route=\/wp\/v2\/pages"}],"about":[{"href":"https:\/\/www.karuke.com\/index.php?rest_route=\/wp\/v2\/types\/page"}],"author":[{"embeddable":true,"href":"https:\/\/www.karuke.com\/index.php?rest_route=\/wp\/v2\/users\/1"}],"replies":[{"embeddable":true,"href":"https:\/\/www.karuke.com\/index.php?rest_route=%2Fwp%2Fv2%2Fcomments&post=6"}],"version-history":[{"count":111,"href":"https:\/\/www.karuke.com\/index.php?rest_route=\/wp\/v2\/pages\/6\/revisions"}],"predecessor-version":[{"id":477,"href":"https:\/\/www.karuke.com\/index.php?rest_route=\/wp\/v2\/pages\/6\/revisions\/477"}],"wp:attachment":[{"href":"https:\/\/www.karuke.com\/index.php?rest_route=%2Fwp%2Fv2%2Fmedia&parent=6"}],"curies":[{"name":"wp","href":"https:\/\/api.w.org\/{rel}","templated":true}]}}