{"id":227,"date":"2022-03-01T23:43:32","date_gmt":"2022-03-01T23:43:32","guid":{"rendered":"https:\/\/www.karuke.com\/?page_id=227"},"modified":"2022-03-02T11:06:20","modified_gmt":"2022-03-02T11:06:20","slug":"tehtud-tood","status":"publish","type":"page","link":"https:\/\/www.karuke.com\/?page_id=227","title":{"rendered":"TEHTUD T\u00d6\u00d6D"},"content":{"rendered":"\n<p class=\"has-text-align-center has-medium-font-size\"><mark style=\"background-color:rgba(0, 0, 0, 0)\" class=\"has-inline-color has-vivid-cyan-blue-color\">Koost\u00f6\u00f6partneri Kalevo &amp; KO<br>tehtud t\u00f6\u00f6d<\/mark><\/p>\n\n\n\n<figure class=\"wp-block-image size-large\"><img loading=\"lazy\" decoding=\"async\" width=\"1024\" height=\"469\" src=\"https:\/\/www.karuke.com\/wp-content\/uploads\/2022\/02\/Katus-4-1024x469.jpg\" alt=\"\" class=\"wp-image-33\" srcset=\"https:\/\/www.karuke.com\/wp-content\/uploads\/2022\/02\/Katus-4-1024x469.jpg 1024w, https:\/\/www.karuke.com\/wp-content\/uploads\/2022\/02\/Katus-4-300x137.jpg 300w, https:\/\/www.karuke.com\/wp-content\/uploads\/2022\/02\/Katus-4-768x352.jpg 768w, https:\/\/www.karuke.com\/wp-content\/uploads\/2022\/02\/Katus-4-1536x704.jpg 1536w, https:\/\/www.karuke.com\/wp-content\/uploads\/2022\/02\/Katus-4-2048x938.jpg 2048w\" sizes=\"auto, (max-width: 1024px) 100vw, 1024px\" \/><\/figure>\n\n\n\n<p class=\"has-text-align-center has-medium-font-size\"><mark style=\"background-color:rgba(0, 0, 0, 0)\" class=\"has-inline-color has-vivid-cyan-blue-color\">KATUS<\/mark><\/p>\n\n\n\n<figure class=\"wp-block-image size-full\"><img loading=\"lazy\" decoding=\"async\" width=\"2560\" height=\"1920\" src=\"https:\/\/www.karuke.com\/wp-content\/uploads\/2022\/02\/Katus-5-scaled.jpg\" alt=\"\" class=\"wp-image-34\" srcset=\"https:\/\/www.karuke.com\/wp-content\/uploads\/2022\/02\/Katus-5-scaled.jpg 2560w, https:\/\/www.karuke.com\/wp-content\/uploads\/2022\/02\/Katus-5-300x225.jpg 300w, https:\/\/www.karuke.com\/wp-content\/uploads\/2022\/02\/Katus-5-1024x768.jpg 1024w, https:\/\/www.karuke.com\/wp-content\/uploads\/2022\/02\/Katus-5-768x576.jpg 768w, https:\/\/www.karuke.com\/wp-content\/uploads\/2022\/02\/Katus-5-1536x1152.jpg 1536w, https:\/\/www.karuke.com\/wp-content\/uploads\/2022\/02\/Katus-5-2048x1536.jpg 2048w\" sizes=\"auto, (max-width: 2560px) 100vw, 2560px\" \/><\/figure>\n\n\n\n<p class=\"has-text-align-center has-medium-font-size\"><mark style=\"background-color:rgba(0, 0, 0, 0)\" class=\"has-inline-color has-vivid-cyan-blue-color\">KATUS<\/mark><\/p>\n\n\n\n<figure class=\"wp-block-image size-large\"><img loading=\"lazy\" decoding=\"async\" width=\"1024\" height=\"576\" src=\"https:\/\/www.karuke.com\/wp-content\/uploads\/2022\/02\/Kase-1024x576.jpg\" alt=\"\" class=\"wp-image-30\" srcset=\"https:\/\/www.karuke.com\/wp-content\/uploads\/2022\/02\/Kase-1024x576.jpg 1024w, https:\/\/www.karuke.com\/wp-content\/uploads\/2022\/02\/Kase-300x169.jpg 300w, https:\/\/www.karuke.com\/wp-content\/uploads\/2022\/02\/Kase-768x432.jpg 768w, https:\/\/www.karuke.com\/wp-content\/uploads\/2022\/02\/Kase-1536x864.jpg 1536w, https:\/\/www.karuke.com\/wp-content\/uploads\/2022\/02\/Kase-2048x1152.jpg 2048w\" sizes=\"auto, (max-width: 1024px) 100vw, 1024px\" \/><\/figure>\n\n\n\n<p class=\"has-text-align-center has-medium-font-size\"><mark style=\"background-color:rgba(0, 0, 0, 0)\" class=\"has-inline-color has-vivid-cyan-blue-color\">KATUS &amp; FASSAAD &amp; TREPP<\/mark><\/p>\n\n\n\n<figure class=\"wp-block-image size-large\"><img loading=\"lazy\" decoding=\"async\" width=\"1024\" height=\"475\" src=\"https:\/\/www.karuke.com\/wp-content\/uploads\/2022\/02\/AVB-Estakaat-korgus-2500-1024x475.jpg\" alt=\"\" class=\"wp-image-22\" srcset=\"https:\/\/www.karuke.com\/wp-content\/uploads\/2022\/02\/AVB-Estakaat-korgus-2500-1024x475.jpg 1024w, https:\/\/www.karuke.com\/wp-content\/uploads\/2022\/02\/AVB-Estakaat-korgus-2500-300x139.jpg 300w, https:\/\/www.karuke.com\/wp-content\/uploads\/2022\/02\/AVB-Estakaat-korgus-2500-768x357.jpg 768w, https:\/\/www.karuke.com\/wp-content\/uploads\/2022\/02\/AVB-Estakaat-korgus-2500-1536x713.jpg 1536w, https:\/\/www.karuke.com\/wp-content\/uploads\/2022\/02\/AVB-Estakaat-korgus-2500-2048x951.jpg 2048w\" sizes=\"auto, (max-width: 1024px) 100vw, 1024px\" \/><\/figure>\n\n\n\n<p class=\"has-text-align-center has-medium-font-size\"><mark style=\"background-color:rgba(0, 0, 0, 0)\" class=\"has-inline-color has-vivid-cyan-blue-color\">ESTAKAAT<\/mark><\/p>\n\n\n\n<figure class=\"wp-block-image size-large\"><img loading=\"lazy\" decoding=\"async\" width=\"1024\" height=\"530\" src=\"https:\/\/www.karuke.com\/wp-content\/uploads\/2022\/02\/AVB-Esikulg-1024x530.jpg\" alt=\"\" class=\"wp-image-21\" srcset=\"https:\/\/www.karuke.com\/wp-content\/uploads\/2022\/02\/AVB-Esikulg-1024x530.jpg 1024w, https:\/\/www.karuke.com\/wp-content\/uploads\/2022\/02\/AVB-Esikulg-300x155.jpg 300w, https:\/\/www.karuke.com\/wp-content\/uploads\/2022\/02\/AVB-Esikulg-768x398.jpg 768w, https:\/\/www.karuke.com\/wp-content\/uploads\/2022\/02\/AVB-Esikulg-1536x796.jpg 1536w, https:\/\/www.karuke.com\/wp-content\/uploads\/2022\/02\/AVB-Esikulg-2048x1061.jpg 2048w\" sizes=\"auto, (max-width: 1024px) 100vw, 1024px\" \/><\/figure>\n\n\n\n<p class=\"has-text-align-center has-medium-font-size\"><mark style=\"background-color:rgba(0, 0, 0, 0)\" class=\"has-inline-color has-vivid-cyan-blue-color\">LADU<\/mark><\/p>\n\n\n\n<figure class=\"wp-block-image size-large\"><img loading=\"lazy\" decoding=\"async\" width=\"1024\" height=\"768\" src=\"https:\/\/www.karuke.com\/wp-content\/uploads\/2022\/02\/Toomas-Urbla-Graniitvilla-juuli-2019-1024x768.jpg\" alt=\"\" class=\"wp-image-64\" srcset=\"https:\/\/www.karuke.com\/wp-content\/uploads\/2022\/02\/Toomas-Urbla-Graniitvilla-juuli-2019-1024x768.jpg 1024w, https:\/\/www.karuke.com\/wp-content\/uploads\/2022\/02\/Toomas-Urbla-Graniitvilla-juuli-2019-300x225.jpg 300w, https:\/\/www.karuke.com\/wp-content\/uploads\/2022\/02\/Toomas-Urbla-Graniitvilla-juuli-2019-768x576.jpg 768w, https:\/\/www.karuke.com\/wp-content\/uploads\/2022\/02\/Toomas-Urbla-Graniitvilla-juuli-2019-1536x1152.jpg 1536w, https:\/\/www.karuke.com\/wp-content\/uploads\/2022\/02\/Toomas-Urbla-Graniitvilla-juuli-2019-2048x1536.jpg 2048w\" sizes=\"auto, (max-width: 1024px) 100vw, 1024px\" \/><\/figure>\n\n\n\n<p class=\"has-text-align-center has-medium-font-size\"><mark style=\"background-color:rgba(0, 0, 0, 0)\" class=\"has-inline-color has-vivid-cyan-blue-color\">KATUS<\/mark><\/p>\n\n\n\n<figure class=\"wp-block-image size-large\"><img loading=\"lazy\" decoding=\"async\" width=\"1024\" height=\"486\" src=\"https:\/\/www.karuke.com\/wp-content\/uploads\/2022\/02\/Kalle-1024x486.jpg\" alt=\"\" class=\"wp-image-29\" srcset=\"https:\/\/www.karuke.com\/wp-content\/uploads\/2022\/02\/Kalle-1024x486.jpg 1024w, https:\/\/www.karuke.com\/wp-content\/uploads\/2022\/02\/Kalle-300x142.jpg 300w, https:\/\/www.karuke.com\/wp-content\/uploads\/2022\/02\/Kalle-768x364.jpg 768w, https:\/\/www.karuke.com\/wp-content\/uploads\/2022\/02\/Kalle-1536x729.jpg 1536w, https:\/\/www.karuke.com\/wp-content\/uploads\/2022\/02\/Kalle-2048x971.jpg 2048w\" sizes=\"auto, (max-width: 1024px) 100vw, 1024px\" \/><\/figure>\n\n\n\n<p class=\"has-text-align-center has-medium-font-size\"><mark style=\"background-color:rgba(0, 0, 0, 0)\" class=\"has-inline-color has-vivid-cyan-blue-color\">KATUS<\/mark><\/p>\n\n\n\n<figure class=\"wp-block-image size-large\"><img loading=\"lazy\" decoding=\"async\" width=\"1024\" height=\"591\" src=\"https:\/\/www.karuke.com\/wp-content\/uploads\/2022\/02\/Katus-sein-1024x591.jpg\" alt=\"\" class=\"wp-image-31\" srcset=\"https:\/\/www.karuke.com\/wp-content\/uploads\/2022\/02\/Katus-sein-1024x591.jpg 1024w, https:\/\/www.karuke.com\/wp-content\/uploads\/2022\/02\/Katus-sein-300x173.jpg 300w, https:\/\/www.karuke.com\/wp-content\/uploads\/2022\/02\/Katus-sein-768x443.jpg 768w, https:\/\/www.karuke.com\/wp-content\/uploads\/2022\/02\/Katus-sein-1536x887.jpg 1536w, https:\/\/www.karuke.com\/wp-content\/uploads\/2022\/02\/Katus-sein-2048x1183.jpg 2048w\" sizes=\"auto, (max-width: 1024px) 100vw, 1024px\" \/><\/figure>\n\n\n\n<p class=\"has-text-align-center has-medium-font-size\"><mark style=\"background-color:rgba(0, 0, 0, 0)\" class=\"has-inline-color has-vivid-cyan-blue-color\">KATUS &amp; FASSAAD<\/mark><\/p>\n\n\n\n<figure class=\"wp-block-image size-large\"><img loading=\"lazy\" decoding=\"async\" width=\"853\" height=\"1024\" src=\"https:\/\/www.karuke.com\/wp-content\/uploads\/2022\/02\/Purila-853x1024.jpg\" alt=\"\" class=\"wp-image-55\" srcset=\"https:\/\/www.karuke.com\/wp-content\/uploads\/2022\/02\/Purila-853x1024.jpg 853w, https:\/\/www.karuke.com\/wp-content\/uploads\/2022\/02\/Purila-250x300.jpg 250w, https:\/\/www.karuke.com\/wp-content\/uploads\/2022\/02\/Purila-768x922.jpg 768w, https:\/\/www.karuke.com\/wp-content\/uploads\/2022\/02\/Purila-1279x1536.jpg 1279w, https:\/\/www.karuke.com\/wp-content\/uploads\/2022\/02\/Purila-1706x2048.jpg 1706w\" sizes=\"auto, (max-width: 853px) 100vw, 853px\" \/><\/figure>\n\n\n\n<p class=\"has-text-align-center has-medium-font-size\"><mark style=\"background-color:rgba(0, 0, 0, 0)\" class=\"has-inline-color has-vivid-cyan-blue-color\">KATUS &amp; FASSAAD<\/mark><\/p>\n\n\n\n<figure class=\"wp-block-image size-large\"><img loading=\"lazy\" decoding=\"async\" width=\"1024\" height=\"909\" src=\"https:\/\/www.karuke.com\/wp-content\/uploads\/2022\/02\/Rapla-1024x909.jpg\" alt=\"\" class=\"wp-image-56\" srcset=\"https:\/\/www.karuke.com\/wp-content\/uploads\/2022\/02\/Rapla-1024x909.jpg 1024w, https:\/\/www.karuke.com\/wp-content\/uploads\/2022\/02\/Rapla-300x266.jpg 300w, https:\/\/www.karuke.com\/wp-content\/uploads\/2022\/02\/Rapla-768x682.jpg 768w, https:\/\/www.karuke.com\/wp-content\/uploads\/2022\/02\/Rapla-1536x1364.jpg 1536w, https:\/\/www.karuke.com\/wp-content\/uploads\/2022\/02\/Rapla-2048x1818.jpg 2048w\" sizes=\"auto, (max-width: 1024px) 100vw, 1024px\" \/><\/figure>\n\n\n\n<p class=\"has-text-align-center has-medium-font-size\"><mark style=\"background-color:rgba(0, 0, 0, 0)\" class=\"has-inline-color has-vivid-cyan-blue-color\">AIAMAJA<\/mark><\/p>\n\n\n\n<figure class=\"wp-block-image size-large\"><img loading=\"lazy\" decoding=\"async\" width=\"1024\" height=\"576\" src=\"https:\/\/www.karuke.com\/wp-content\/uploads\/2022\/02\/Muu-1024x576.jpg\" alt=\"\" class=\"wp-image-49\" srcset=\"https:\/\/www.karuke.com\/wp-content\/uploads\/2022\/02\/Muu-1024x576.jpg 1024w, https:\/\/www.karuke.com\/wp-content\/uploads\/2022\/02\/Muu-300x169.jpg 300w, https:\/\/www.karuke.com\/wp-content\/uploads\/2022\/02\/Muu-768x432.jpg 768w, https:\/\/www.karuke.com\/wp-content\/uploads\/2022\/02\/Muu-1536x864.jpg 1536w, https:\/\/www.karuke.com\/wp-content\/uploads\/2022\/02\/Muu.jpg 2048w\" sizes=\"auto, (max-width: 1024px) 100vw, 1024px\" \/><\/figure>\n\n\n\n<p class=\"has-text-align-center has-medium-font-size\"><mark style=\"background-color:rgba(0, 0, 0, 0)\" class=\"has-inline-color has-vivid-cyan-blue-color\">KATUS &amp; FASSAAD<\/mark><\/p>\n\n\n\n<figure class=\"wp-block-image size-large\"><img loading=\"lazy\" decoding=\"async\" width=\"1024\" height=\"576\" src=\"https:\/\/www.karuke.com\/wp-content\/uploads\/2022\/02\/Korvalhoone-1024x576.jpg\" alt=\"\" class=\"wp-image-45\" srcset=\"https:\/\/www.karuke.com\/wp-content\/uploads\/2022\/02\/Korvalhoone-1024x576.jpg 1024w, https:\/\/www.karuke.com\/wp-content\/uploads\/2022\/02\/Korvalhoone-300x169.jpg 300w, https:\/\/www.karuke.com\/wp-content\/uploads\/2022\/02\/Korvalhoone-768x432.jpg 768w, https:\/\/www.karuke.com\/wp-content\/uploads\/2022\/02\/Korvalhoone-1536x864.jpg 1536w, https:\/\/www.karuke.com\/wp-content\/uploads\/2022\/02\/Korvalhoone.jpg 2048w\" sizes=\"auto, (max-width: 1024px) 100vw, 1024px\" \/><\/figure>\n\n\n\n<p class=\"has-text-align-center has-medium-font-size\"><mark style=\"background-color:rgba(0, 0, 0, 0)\" class=\"has-inline-color has-vivid-cyan-blue-color\">ABIHOONE<\/mark><\/p>\n\n\n\n<figure class=\"wp-block-image size-large\"><img loading=\"lazy\" decoding=\"async\" width=\"1024\" height=\"576\" src=\"https:\/\/www.karuke.com\/wp-content\/uploads\/2022\/02\/Korvalhoone-1-1024x576.jpg\" alt=\"\" class=\"wp-image-44\" srcset=\"https:\/\/www.karuke.com\/wp-content\/uploads\/2022\/02\/Korvalhoone-1-1024x576.jpg 1024w, https:\/\/www.karuke.com\/wp-content\/uploads\/2022\/02\/Korvalhoone-1-300x169.jpg 300w, https:\/\/www.karuke.com\/wp-content\/uploads\/2022\/02\/Korvalhoone-1-768x432.jpg 768w, https:\/\/www.karuke.com\/wp-content\/uploads\/2022\/02\/Korvalhoone-1-1536x864.jpg 1536w, https:\/\/www.karuke.com\/wp-content\/uploads\/2022\/02\/Korvalhoone-1.jpg 2048w\" sizes=\"auto, (max-width: 1024px) 100vw, 1024px\" \/><\/figure>\n\n\n\n<p class=\"has-text-align-center has-medium-font-size\"><mark style=\"background-color:rgba(0, 0, 0, 0)\" class=\"has-inline-color has-vivid-cyan-blue-color\">ABIHOONE<\/mark><\/p>\n\n\n\n<figure class=\"wp-block-image size-large\"><img loading=\"lazy\" decoding=\"async\" width=\"1024\" height=\"576\" src=\"https:\/\/www.karuke.com\/wp-content\/uploads\/2022\/02\/Tirgu-2-1024x576.jpg\" alt=\"\" class=\"wp-image-62\" srcset=\"https:\/\/www.karuke.com\/wp-content\/uploads\/2022\/02\/Tirgu-2-1024x576.jpg 1024w, https:\/\/www.karuke.com\/wp-content\/uploads\/2022\/02\/Tirgu-2-300x169.jpg 300w, https:\/\/www.karuke.com\/wp-content\/uploads\/2022\/02\/Tirgu-2-768x432.jpg 768w, https:\/\/www.karuke.com\/wp-content\/uploads\/2022\/02\/Tirgu-2-1536x864.jpg 1536w, https:\/\/www.karuke.com\/wp-content\/uploads\/2022\/02\/Tirgu-2-2048x1152.jpg 2048w\" sizes=\"auto, (max-width: 1024px) 100vw, 1024px\" \/><\/figure>\n\n\n\n<p class=\"has-text-align-center has-medium-font-size\"><mark style=\"background-color:rgba(0, 0, 0, 0)\" class=\"has-inline-color has-vivid-cyan-blue-color\">KATUS &amp; FASSAAD<\/mark><\/p>\n\n\n\n<figure class=\"wp-block-image size-large\"><img loading=\"lazy\" decoding=\"async\" width=\"1024\" height=\"576\" src=\"https:\/\/www.karuke.com\/wp-content\/uploads\/2022\/02\/Maja-1024x576.jpg\" alt=\"\" class=\"wp-image-46\" srcset=\"https:\/\/www.karuke.com\/wp-content\/uploads\/2022\/02\/Maja-1024x576.jpg 1024w, https:\/\/www.karuke.com\/wp-content\/uploads\/2022\/02\/Maja-300x169.jpg 300w, https:\/\/www.karuke.com\/wp-content\/uploads\/2022\/02\/Maja-768x432.jpg 768w, https:\/\/www.karuke.com\/wp-content\/uploads\/2022\/02\/Maja-1536x864.jpg 1536w, https:\/\/www.karuke.com\/wp-content\/uploads\/2022\/02\/Maja.jpg 2048w\" sizes=\"auto, (max-width: 1024px) 100vw, 1024px\" \/><\/figure>\n\n\n\n<p class=\"has-text-align-center has-medium-font-size\"><mark style=\"background-color:rgba(0, 0, 0, 0)\" class=\"has-inline-color has-vivid-cyan-blue-color\">KATUS &amp; FASSAAD<\/mark><\/p>\n\n\n\n<figure class=\"wp-block-image size-large\"><img loading=\"lazy\" decoding=\"async\" width=\"1024\" height=\"759\" src=\"https:\/\/www.karuke.com\/wp-content\/uploads\/2022\/02\/Katus-3-1024x759.jpg\" alt=\"\" class=\"wp-image-32\" srcset=\"https:\/\/www.karuke.com\/wp-content\/uploads\/2022\/02\/Katus-3-1024x759.jpg 1024w, https:\/\/www.karuke.com\/wp-content\/uploads\/2022\/02\/Katus-3-300x222.jpg 300w, https:\/\/www.karuke.com\/wp-content\/uploads\/2022\/02\/Katus-3-768x569.jpg 768w, https:\/\/www.karuke.com\/wp-content\/uploads\/2022\/02\/Katus-3-1536x1139.jpg 1536w, https:\/\/www.karuke.com\/wp-content\/uploads\/2022\/02\/Katus-3-2048x1518.jpg 2048w\" sizes=\"auto, (max-width: 1024px) 100vw, 1024px\" \/><\/figure>\n\n\n\n<p class=\"has-text-align-center has-medium-font-size\"><mark style=\"background-color:rgba(0, 0, 0, 0)\" class=\"has-inline-color has-vivid-cyan-blue-color\">KATUS<\/mark><\/p>\n\n\n\n<figure class=\"wp-block-image size-large\"><img loading=\"lazy\" decoding=\"async\" width=\"1024\" height=\"576\" src=\"https:\/\/www.karuke.com\/wp-content\/uploads\/2022\/02\/Katus-1024x576.jpg\" alt=\"\" class=\"wp-image-35\" srcset=\"https:\/\/www.karuke.com\/wp-content\/uploads\/2022\/02\/Katus-1024x576.jpg 1024w, https:\/\/www.karuke.com\/wp-content\/uploads\/2022\/02\/Katus-300x169.jpg 300w, https:\/\/www.karuke.com\/wp-content\/uploads\/2022\/02\/Katus-768x432.jpg 768w, https:\/\/www.karuke.com\/wp-content\/uploads\/2022\/02\/Katus-1536x864.jpg 1536w, https:\/\/www.karuke.com\/wp-content\/uploads\/2022\/02\/Katus.jpg 2048w\" sizes=\"auto, (max-width: 1024px) 100vw, 1024px\" \/><\/figure>\n\n\n\n<p class=\"has-text-align-center has-medium-font-size\"><mark style=\"background-color:rgba(0, 0, 0, 0)\" class=\"has-inline-color has-vivid-cyan-blue-color\">KATUS<\/mark><\/p>\n\n\n\n<figure class=\"wp-block-image size-large\"><img loading=\"lazy\" decoding=\"async\" width=\"1024\" height=\"768\" src=\"https:\/\/www.karuke.com\/wp-content\/uploads\/2022\/02\/Mangumajake-1024x768.jpg\" alt=\"\" class=\"wp-image-50\" srcset=\"https:\/\/www.karuke.com\/wp-content\/uploads\/2022\/02\/Mangumajake-1024x768.jpg 1024w, https:\/\/www.karuke.com\/wp-content\/uploads\/2022\/02\/Mangumajake-300x225.jpg 300w, https:\/\/www.karuke.com\/wp-content\/uploads\/2022\/02\/Mangumajake-768x576.jpg 768w, https:\/\/www.karuke.com\/wp-content\/uploads\/2022\/02\/Mangumajake-1536x1152.jpg 1536w, https:\/\/www.karuke.com\/wp-content\/uploads\/2022\/02\/Mangumajake-2048x1536.jpg 2048w\" sizes=\"auto, (max-width: 1024px) 100vw, 1024px\" \/><\/figure>\n\n\n\n<p class=\"has-text-align-center has-medium-font-size\"><mark style=\"background-color:rgba(0, 0, 0, 0)\" class=\"has-inline-color has-vivid-cyan-blue-color\">M\u00c4NGUMAJA<\/mark><\/p>\n\n\n\n<figure class=\"wp-block-image size-large\"><img loading=\"lazy\" decoding=\"async\" width=\"1024\" height=\"768\" src=\"https:\/\/www.karuke.com\/wp-content\/uploads\/2022\/02\/Trepp-1024x768.jpg\" alt=\"\" class=\"wp-image-67\" srcset=\"https:\/\/www.karuke.com\/wp-content\/uploads\/2022\/02\/Trepp-1024x768.jpg 1024w, https:\/\/www.karuke.com\/wp-content\/uploads\/2022\/02\/Trepp-300x225.jpg 300w, https:\/\/www.karuke.com\/wp-content\/uploads\/2022\/02\/Trepp-768x576.jpg 768w, https:\/\/www.karuke.com\/wp-content\/uploads\/2022\/02\/Trepp-1536x1152.jpg 1536w, https:\/\/www.karuke.com\/wp-content\/uploads\/2022\/02\/Trepp-2048x1536.jpg 2048w\" sizes=\"auto, (max-width: 1024px) 100vw, 1024px\" \/><\/figure>\n\n\n\n<p class=\"has-text-align-center has-medium-font-size\"><mark style=\"background-color:rgba(0, 0, 0, 0)\" class=\"has-inline-color has-vivid-cyan-blue-color\">TREPP<\/mark><\/p>\n\n\n\n<figure class=\"wp-block-image size-large\"><img loading=\"lazy\" decoding=\"async\" width=\"1024\" height=\"768\" src=\"https:\/\/www.karuke.com\/wp-content\/uploads\/2022\/02\/Puidust-lagi-1024x768.jpg\" alt=\"\" class=\"wp-image-53\" srcset=\"https:\/\/www.karuke.com\/wp-content\/uploads\/2022\/02\/Puidust-lagi-1024x768.jpg 1024w, https:\/\/www.karuke.com\/wp-content\/uploads\/2022\/02\/Puidust-lagi-300x225.jpg 300w, https:\/\/www.karuke.com\/wp-content\/uploads\/2022\/02\/Puidust-lagi-768x576.jpg 768w, https:\/\/www.karuke.com\/wp-content\/uploads\/2022\/02\/Puidust-lagi-1536x1152.jpg 1536w, https:\/\/www.karuke.com\/wp-content\/uploads\/2022\/02\/Puidust-lagi.jpg 2048w\" sizes=\"auto, (max-width: 1024px) 100vw, 1024px\" \/><\/figure>\n\n\n\n<p class=\"has-text-align-center has-medium-font-size\"><mark style=\"background-color:rgba(0, 0, 0, 0)\" class=\"has-inline-color has-vivid-cyan-blue-color\">LAGI<\/mark><\/p>\n\n\n\n<figure class=\"wp-block-image size-large\"><img loading=\"lazy\" decoding=\"async\" width=\"1024\" height=\"768\" src=\"https:\/\/www.karuke.com\/wp-content\/uploads\/2022\/02\/Pliit-1024x768.jpg\" alt=\"\" class=\"wp-image-52\" srcset=\"https:\/\/www.karuke.com\/wp-content\/uploads\/2022\/02\/Pliit-1024x768.jpg 1024w, https:\/\/www.karuke.com\/wp-content\/uploads\/2022\/02\/Pliit-300x225.jpg 300w, https:\/\/www.karuke.com\/wp-content\/uploads\/2022\/02\/Pliit-768x576.jpg 768w, https:\/\/www.karuke.com\/wp-content\/uploads\/2022\/02\/Pliit-1536x1152.jpg 1536w, https:\/\/www.karuke.com\/wp-content\/uploads\/2022\/02\/Pliit-2048x1536.jpg 2048w\" sizes=\"auto, (max-width: 1024px) 100vw, 1024px\" \/><\/figure>\n\n\n\n<p class=\"has-text-align-center has-medium-font-size\"><mark style=\"background-color:rgba(0, 0, 0, 0)\" class=\"has-inline-color has-vivid-cyan-blue-color\">K\u00d6\u00d6K<\/mark><\/p>\n\n\n\n<figure class=\"wp-block-image size-large\"><img loading=\"lazy\" decoding=\"async\" width=\"768\" height=\"1024\" src=\"https:\/\/www.karuke.com\/wp-content\/uploads\/2022\/02\/Sauna-eesruum-768x1024.jpg\" alt=\"\" class=\"wp-image-60\" srcset=\"https:\/\/www.karuke.com\/wp-content\/uploads\/2022\/02\/Sauna-eesruum-768x1024.jpg 768w, https:\/\/www.karuke.com\/wp-content\/uploads\/2022\/02\/Sauna-eesruum-225x300.jpg 225w, https:\/\/www.karuke.com\/wp-content\/uploads\/2022\/02\/Sauna-eesruum-1152x1536.jpg 1152w, https:\/\/www.karuke.com\/wp-content\/uploads\/2022\/02\/Sauna-eesruum-1536x2048.jpg 1536w, https:\/\/www.karuke.com\/wp-content\/uploads\/2022\/02\/Sauna-eesruum-scaled.jpg 1920w\" sizes=\"auto, (max-width: 768px) 100vw, 768px\" \/><\/figure>\n\n\n\n<p class=\"has-text-align-center has-medium-font-size\"><mark style=\"background-color:rgba(0, 0, 0, 0)\" class=\"has-inline-color has-vivid-cyan-blue-color\">SAUNA EESRUUM<\/mark><\/p>\n\n\n\n<figure class=\"wp-block-image size-large\"><img loading=\"lazy\" decoding=\"async\" width=\"768\" height=\"1024\" src=\"https:\/\/www.karuke.com\/wp-content\/uploads\/2022\/02\/Sauna-eesruum-1-768x1024.jpg\" alt=\"\" class=\"wp-image-59\" srcset=\"https:\/\/www.karuke.com\/wp-content\/uploads\/2022\/02\/Sauna-eesruum-1-768x1024.jpg 768w, https:\/\/www.karuke.com\/wp-content\/uploads\/2022\/02\/Sauna-eesruum-1-225x300.jpg 225w, https:\/\/www.karuke.com\/wp-content\/uploads\/2022\/02\/Sauna-eesruum-1-1152x1536.jpg 1152w, https:\/\/www.karuke.com\/wp-content\/uploads\/2022\/02\/Sauna-eesruum-1-1536x2048.jpg 1536w, https:\/\/www.karuke.com\/wp-content\/uploads\/2022\/02\/Sauna-eesruum-1-scaled.jpg 1920w\" sizes=\"auto, (max-width: 768px) 100vw, 768px\" \/><\/figure>\n\n\n\n<p class=\"has-text-align-center has-medium-font-size\"><mark style=\"background-color:rgba(0, 0, 0, 0)\" class=\"has-inline-color has-vivid-cyan-blue-color\">SAUNA EESRUUM<\/mark><\/p>\n\n\n\n<figure class=\"wp-block-image size-large\"><img loading=\"lazy\" decoding=\"async\" width=\"768\" height=\"1024\" src=\"https:\/\/www.karuke.com\/wp-content\/uploads\/2022\/02\/Pesuruum-768x1024.jpg\" alt=\"\" class=\"wp-image-51\" srcset=\"https:\/\/www.karuke.com\/wp-content\/uploads\/2022\/02\/Pesuruum-768x1024.jpg 768w, https:\/\/www.karuke.com\/wp-content\/uploads\/2022\/02\/Pesuruum-225x300.jpg 225w, https:\/\/www.karuke.com\/wp-content\/uploads\/2022\/02\/Pesuruum-1152x1536.jpg 1152w, https:\/\/www.karuke.com\/wp-content\/uploads\/2022\/02\/Pesuruum-1536x2048.jpg 1536w, https:\/\/www.karuke.com\/wp-content\/uploads\/2022\/02\/Pesuruum-scaled.jpg 1920w\" sizes=\"auto, (max-width: 768px) 100vw, 768px\" \/><\/figure>\n\n\n\n<p class=\"has-text-align-center has-medium-font-size\"><mark style=\"background-color:rgba(0, 0, 0, 0)\" class=\"has-inline-color has-vivid-cyan-blue-color\">SAUN<\/mark><\/p>\n\n\n\n<figure class=\"wp-block-image size-large\"><img loading=\"lazy\" decoding=\"async\" width=\"576\" height=\"1024\" src=\"https:\/\/www.karuke.com\/wp-content\/uploads\/2022\/02\/Saun-576x1024.jpg\" alt=\"\" class=\"wp-image-58\" srcset=\"https:\/\/www.karuke.com\/wp-content\/uploads\/2022\/02\/Saun-576x1024.jpg 576w, https:\/\/www.karuke.com\/wp-content\/uploads\/2022\/02\/Saun-169x300.jpg 169w, https:\/\/www.karuke.com\/wp-content\/uploads\/2022\/02\/Saun-768x1365.jpg 768w, https:\/\/www.karuke.com\/wp-content\/uploads\/2022\/02\/Saun-864x1536.jpg 864w, https:\/\/www.karuke.com\/wp-content\/uploads\/2022\/02\/Saun.jpg 1152w\" sizes=\"auto, (max-width: 576px) 100vw, 576px\" \/><\/figure>\n\n\n\n<p class=\"has-text-align-center has-medium-font-size\"><mark style=\"background-color:rgba(0, 0, 0, 0)\" class=\"has-inline-color has-vivid-cyan-blue-color\">SAUN<\/mark><\/p>\n\n\n\n<figure class=\"wp-block-image size-large\"><img loading=\"lazy\" decoding=\"async\" width=\"759\" height=\"1024\" src=\"https:\/\/www.karuke.com\/wp-content\/uploads\/2022\/02\/Vannituba-759x1024.jpg\" alt=\"\" class=\"wp-image-70\" srcset=\"https:\/\/www.karuke.com\/wp-content\/uploads\/2022\/02\/Vannituba-759x1024.jpg 759w, https:\/\/www.karuke.com\/wp-content\/uploads\/2022\/02\/Vannituba-222x300.jpg 222w, https:\/\/www.karuke.com\/wp-content\/uploads\/2022\/02\/Vannituba-768x1036.jpg 768w, https:\/\/www.karuke.com\/wp-content\/uploads\/2022\/02\/Vannituba-1139x1536.jpg 1139w, https:\/\/www.karuke.com\/wp-content\/uploads\/2022\/02\/Vannituba-1518x2048.jpg 1518w, https:\/\/www.karuke.com\/wp-content\/uploads\/2022\/02\/Vannituba-scaled.jpg 1898w\" sizes=\"auto, (max-width: 759px) 100vw, 759px\" \/><\/figure>\n\n\n\n<p class=\"has-text-align-center has-medium-font-size\"><mark style=\"background-color:rgba(0, 0, 0, 0)\" class=\"has-inline-color has-vivid-cyan-blue-color\">VANNITUBA &amp; WC<\/mark><\/p>\n\n\n\n<figure class=\"wp-block-image size-large\"><img loading=\"lazy\" decoding=\"async\" width=\"759\" height=\"1024\" src=\"https:\/\/www.karuke.com\/wp-content\/uploads\/2022\/02\/Vannituba-1-759x1024.jpg\" alt=\"\" class=\"wp-image-69\" srcset=\"https:\/\/www.karuke.com\/wp-content\/uploads\/2022\/02\/Vannituba-1-759x1024.jpg 759w, https:\/\/www.karuke.com\/wp-content\/uploads\/2022\/02\/Vannituba-1-222x300.jpg 222w, https:\/\/www.karuke.com\/wp-content\/uploads\/2022\/02\/Vannituba-1-768x1036.jpg 768w, https:\/\/www.karuke.com\/wp-content\/uploads\/2022\/02\/Vannituba-1-1139x1536.jpg 1139w, https:\/\/www.karuke.com\/wp-content\/uploads\/2022\/02\/Vannituba-1-1518x2048.jpg 1518w, https:\/\/www.karuke.com\/wp-content\/uploads\/2022\/02\/Vannituba-1-scaled.jpg 1898w\" sizes=\"auto, (max-width: 759px) 100vw, 759px\" \/><\/figure>\n\n\n\n<p class=\"has-text-align-center has-medium-font-size\"><mark style=\"background-color:rgba(0, 0, 0, 0)\" class=\"has-inline-color has-vivid-cyan-blue-color\">VANNITUBA &amp; WC<\/mark><\/p>\n","protected":false},"excerpt":{"rendered":"<p>Koost\u00f6\u00f6partneri Kalevo &amp; KOtehtud t\u00f6\u00f6d KATUS KATUS KATUS &amp; FASSAAD &amp; TREPP ESTAKAAT LADU KATUS KATUS KATUS &amp; FASSAAD KATUS &amp; FASSAAD AIAMAJA KATUS &amp; FASSAAD ABIHOONE ABIHOONE KATUS &amp; FASSAAD KATUS &amp; FASSAAD KATUS KATUS M\u00c4NGUMAJA TREPP LAGI K\u00d6\u00d6K SAUNA EESRUUM SAUNA EESRUUM SAUN SAUN VANNITUBA &amp; WC VANNITUBA &amp; WC<\/p>\n","protected":false},"author":1,"featured_media":0,"parent":0,"menu_order":0,"comment_status":"closed","ping_status":"closed","template":"","meta":{"footnotes":""},"class_list":["post-227","page","type-page","status-publish","hentry"],"_links":{"self":[{"href":"https:\/\/www.karuke.com\/index.php?rest_route=\/wp\/v2\/pages\/227","targetHints":{"allow":["GET"]}}],"collection":[{"href":"https:\/\/www.karuke.com\/index.php?rest_route=\/wp\/v2\/pages"}],"about":[{"href":"https:\/\/www.karuke.com\/index.php?rest_route=\/wp\/v2\/types\/page"}],"author":[{"embeddable":true,"href":"https:\/\/www.karuke.com\/index.php?rest_route=\/wp\/v2\/users\/1"}],"replies":[{"embeddable":true,"href":"https:\/\/www.karuke.com\/index.php?rest_route=%2Fwp%2Fv2%2Fcomments&post=227"}],"version-history":[{"count":6,"href":"https:\/\/www.karuke.com\/index.php?rest_route=\/wp\/v2\/pages\/227\/revisions"}],"predecessor-version":[{"id":291,"href":"https:\/\/www.karuke.com\/index.php?rest_route=\/wp\/v2\/pages\/227\/revisions\/291"}],"wp:attachment":[{"href":"https:\/\/www.karuke.com\/index.php?rest_route=%2Fwp%2Fv2%2Fmedia&parent=227"}],"curies":[{"name":"wp","href":"https:\/\/api.w.org\/{rel}","templated":true}]}}